{"id":1843,"date":"2023-05-10T02:39:48","date_gmt":"2023-05-10T02:39:48","guid":{"rendered":"https:\/\/turbo.redq.io\/?page_id=1843"},"modified":"2025-01-31T18:07:01","modified_gmt":"2025-01-31T18:07:01","slug":"about","status":"publish","type":"page","link":"https:\/\/rentacareconomic.com\/es\/about\/","title":{"rendered":"Con\u00f3cenos"},"content":{"rendered":"<div data-elementor-type=\"wp-page\" data-elementor-id=\"1843\" class=\"elementor elementor-1843\">\n\t\t\t\t\t\t<section class=\"elementor-section elementor-top-section elementor-element elementor-element-7747c2c elementor-section-boxed elementor-section-height-default elementor-section-height-default\" data-id=\"7747c2c\" data-element_type=\"section\">\n\t\t\t\t\t\t<div class=\"elementor-container elementor-column-gap-no\">\n\t\t\t\t\t<div class=\"elementor-column elementor-col-100 elementor-top-column elementor-element elementor-element-30d9476\" data-id=\"30d9476\" data-element_type=\"column\">\n\t\t\t<div class=\"elementor-widget-wrap elementor-element-populated\">\n\t\t\t\t\t\t<div class=\"elementor-element elementor-element-9ffcb56 elementor-widget elementor-widget-tm_fancy_title\" data-id=\"9ffcb56\" data-element_type=\"widget\" data-widget_type=\"tm_fancy_title.default\">\n\t\t\t\t<div class=\"elementor-widget-container\">\n\t\t\t\t\t\n<div class=\"fancy-title-container\">\n    <h2 class=\"fancy-title font-semibold uppercase text-h2\">Acerca de nosotros<\/h2>\n\n            <p class=\"fancy-desc text-light-text leading-7\">\n\n            Economic Rent a Car tiene la misi\u00f3n de ofrecer servicios de renta de veh\u00edculos a precios accesibles y confiables. Nos aseguramos que cada veh\u00edculo este en perfectas condiciones y nuestro enfoque es una buena atenci\u00f3n al cliente, ya que estamos comprometidos con la excelencia. Hoy, la empresa cuenta con una flota de m\u00e1s de 25 veh\u00edculos a los cuales puedes optar para que tu viaje en el pa\u00eds sea tranquilo y seguro.\n                            <a  class=\"inline-block underline-offset-8 font-medium\">\n                                    <\/a>\n            \n        <\/p>\n    \n<\/div>\t\t\t\t<\/div>\n\t\t\t\t<\/div>\n\t\t\t\t<div class=\"elementor-element elementor-element-7ee879e elementor-widget elementor-widget-tm_workflow\" data-id=\"7ee879e\" data-element_type=\"widget\" data-widget_type=\"tm_workflow.default\">\n\t\t\t\t<div class=\"elementor-widget-container\">\n\t\t\t\t\t<div class=\"lg:container mx-auto px-4 layout-vertical\">\n    <div class=\"grid grid-cols-1 sm:grid-cols-2 lg:grid-cols-4 gap-8\">\n                    <div class=\"wf_card bg-bg-white relative z-10 text-center shadow-main py-10 xl:py-16 px-6 rounded-lg\">\n                                    <span class=\"icon_bg flex justify-center mb-10 xl:mb-13\">\n                        <img decoding=\"async\" src=\"https:\/\/turbo.redq.io\/turbo\/wp-content\/uploads\/2023\/07\/Fully-Integrated-1.png\" alt=\"Search Location\" \/>\n                    <\/span>\n                                <h2 class=\"wf_title text-lg font-semibold uppercase text-brand\">Totalmente integrados<\/h2>\n                <p class=\"wf_content mt-2 mb-0 text-sm text-light-text leading-6\">Contamos con autos a tu medida<\/p>\n            <\/div>\n                    <div class=\"wf_card bg-bg-white relative z-10 text-center shadow-main py-10 xl:py-16 px-6 rounded-lg\">\n                                    <span class=\"icon_bg flex justify-center mb-10 xl:mb-13\">\n                        <img decoding=\"async\" src=\"https:\/\/turbo.redq.io\/turbo\/wp-content\/uploads\/2023\/07\/002-credit-card.png\" alt=\"Search Location\" \/>\n                    <\/span>\n                                <h2 class=\"wf_title text-lg font-semibold uppercase text-brand\">Formas de pago<\/h2>\n                <p class=\"wf_content mt-2 mb-0 text-sm text-light-text leading-6\">Tarjeta de d\u00e9bito o cr\u00e9dito y PayPal<\/p>\n            <\/div>\n                    <div class=\"wf_card bg-bg-white relative z-10 text-center shadow-main py-10 xl:py-16 px-6 rounded-lg\">\n                                    <span class=\"icon_bg flex justify-center mb-10 xl:mb-13\">\n                        <img decoding=\"async\" src=\"https:\/\/turbo.redq.io\/turbo\/wp-content\/uploads\/2023\/07\/Info-2.png\" alt=\"Search Location\" \/>\n                    <\/span>\n                                <h2 class=\"wf_title text-lg font-semibold uppercase text-brand\">Plataforma amigable<\/h2>\n                <p class=\"wf_content mt-2 mb-0 text-sm text-light-text leading-6\">Podr\u00e1s rentar el auto de tu preferencia f\u00e1cilmente<\/p>\n            <\/div>\n                    <div class=\"wf_card bg-bg-white relative z-10 text-center shadow-main py-10 xl:py-16 px-6 rounded-lg\">\n                                    <span class=\"icon_bg flex justify-center mb-10 xl:mb-13\">\n                        <img decoding=\"async\" src=\"https:\/\/turbo.redq.io\/turbo\/wp-content\/uploads\/2023\/07\/Info.png\" alt=\"Search Location\" \/>\n                    <\/span>\n                                <h2 class=\"wf_title text-lg font-semibold uppercase text-brand\">Variedad de autos<\/h2>\n                <p class=\"wf_content mt-2 mb-0 text-sm text-light-text leading-6\">Tu experiencia ser\u00e1 inolvidable<\/p>\n            <\/div>\n            <\/div>\n<\/div>\t\t\t\t<\/div>\n\t\t\t\t<\/div>\n\t\t\t\t\t<\/div>\n\t\t<\/div>\n\t\t\t\t\t<\/div>\n\t\t<\/section>\n\t\t\t\t<section class=\"elementor-section elementor-top-section elementor-element elementor-element-bf1bfb9 elementor-section-boxed elementor-section-height-default elementor-section-height-default\" data-id=\"bf1bfb9\" data-element_type=\"section\">\n\t\t\t\t\t\t<div class=\"elementor-container elementor-column-gap-no\">\n\t\t\t\t\t<div class=\"elementor-column elementor-col-100 elementor-top-column elementor-element elementor-element-a52d406\" data-id=\"a52d406\" data-element_type=\"column\">\n\t\t\t<div class=\"elementor-widget-wrap elementor-element-populated\">\n\t\t\t\t\t\t<div class=\"elementor-element elementor-element-a79711a elementor-widget elementor-widget-tm_fancy_title\" data-id=\"a79711a\" data-element_type=\"widget\" data-widget_type=\"tm_fancy_title.default\">\n\t\t\t\t<div class=\"elementor-widget-container\">\n\t\t\t\t\t\n<div class=\"fancy-title-container\">\n    <h2 class=\"fancy-title font-semibold uppercase text-h2\">Nuestro equipo<\/h2>\n\n            <p class=\"fancy-desc text-light-text leading-7\">\n\n            Son las personas que hacen de nuestra compa\u00f1\u00eda un mejor lugar\n                            <a  class=\"inline-block underline-offset-8 font-medium\">\n                                    <\/a>\n            \n        <\/p>\n    \n<\/div>\t\t\t\t<\/div>\n\t\t\t\t<\/div>\n\t\t\t\t<div class=\"elementor-element elementor-element-b11ba43 elementor-widget elementor-widget-tm_team\" data-id=\"b11ba43\" data-element_type=\"widget\" data-widget_type=\"tm_team.default\">\n\t\t\t\t<div class=\"elementor-widget-container\">\n\t\t\t\t\t\n<div class=\"lg:container mx-auto px-4\">\n\n    <div class=\"team-container grid grid-cols-1 sm:grid-cols-2 gap-6\">\n\n        \n            <div class=\"team-card bg-bg-white relative shadow-main rounded-lg p-4 flex gap-6 transition-all duration-300\">\n\n                \n                    <figure class=\"team-image rounded-lg overflow-hidden m-0 aspect-square max-w-[192px] w-full\">\n\n                        <img loading=\"lazy\" decoding=\"async\" width=\"300\" height=\"300\" src=\"https:\/\/rentacareconomic.com\/wp-content\/uploads\/2025\/01\/10-2.png\" class=\"w-full h-full object-cover\" alt=\"Eduardo Toloza\" srcset=\"https:\/\/rentacareconomic.com\/wp-content\/uploads\/2025\/01\/10-2.png 313w, https:\/\/rentacareconomic.com\/wp-content\/uploads\/2025\/01\/10-2-300x300.png 300w, https:\/\/rentacareconomic.com\/wp-content\/uploads\/2025\/01\/10-2-150x150.png 150w, https:\/\/rentacareconomic.com\/wp-content\/uploads\/2025\/01\/10-2-12x12.png 12w, https:\/\/rentacareconomic.com\/wp-content\/uploads\/2025\/01\/10-2-100x100.png 100w\" sizes=\"auto, (max-width: 300px) 100vw, 300px\" \/>\n                    <\/figure>\n\n                \n                <div class=\"team-text-container\">\n\n                    <h4 class=\"team-title mb-1 text-lg leading-6 font-medium uppercase\">Eduardo Toloza<\/h4>\n\n                    <p class=\"team-subtitle mb-4 text-sm text-dark-text leading-[18px] uppercase\">Entregas y devoluciones<\/p>\n\n                    <p class=\"team-desc mb-0 text-sm text-light-text leading-7\">Es un joven servicial y din\u00e1mico, esta con toda la disponibilidad de ayudarte. En se encarga de realizar las entregas y recibir el veh\u00edculo.<\/p>\n\n                <\/div>\n\n            <\/div>\n\n        \n            <div class=\"team-card bg-bg-white relative shadow-main rounded-lg p-4 flex gap-6 transition-all duration-300\">\n\n                \n                    <figure class=\"team-image rounded-lg overflow-hidden m-0 aspect-square max-w-[192px] w-full\">\n\n                        <img loading=\"lazy\" decoding=\"async\" width=\"300\" height=\"300\" src=\"https:\/\/rentacareconomic.com\/wp-content\/uploads\/2025\/01\/11-1.png\" class=\"w-full h-full object-cover\" alt=\"Carlos Quinteros\" srcset=\"https:\/\/rentacareconomic.com\/wp-content\/uploads\/2025\/01\/11-1.png 313w, https:\/\/rentacareconomic.com\/wp-content\/uploads\/2025\/01\/11-1-300x300.png 300w, https:\/\/rentacareconomic.com\/wp-content\/uploads\/2025\/01\/11-1-150x150.png 150w, https:\/\/rentacareconomic.com\/wp-content\/uploads\/2025\/01\/11-1-12x12.png 12w, https:\/\/rentacareconomic.com\/wp-content\/uploads\/2025\/01\/11-1-100x100.png 100w\" sizes=\"auto, (max-width: 300px) 100vw, 300px\" \/>\n                    <\/figure>\n\n                \n                <div class=\"team-text-container\">\n\n                    <h4 class=\"team-title mb-1 text-lg leading-6 font-medium uppercase\">Carlos Quinteros<\/h4>\n\n                    <p class=\"team-subtitle mb-4 text-sm text-dark-text leading-[18px] uppercase\">Servicio al cliente<\/p>\n\n                    <p class=\"team-desc mb-0 text-sm text-light-text leading-7\">\u00c9l nos apoya en el servicio al cliente, se encarga de atender las llamadas y realizar las reservas de los clientes, el habla ingl\u00e9s y espa\u00f1ol por lo tanto puedes sentirte con toda la confianza ya que el atender\u00e1 tus dudas. <\/p>\n\n                <\/div>\n\n            <\/div>\n\n        \n    <\/div>\n\n<\/div>\t\t\t\t<\/div>\n\t\t\t\t<\/div>\n\t\t\t\t\t<\/div>\n\t\t<\/div>\n\t\t\t\t\t<\/div>\n\t\t<\/section>\n\t\t<div class=\"elementor-element elementor-element-82daf45 e-flex e-con-boxed e-con e-parent\" data-id=\"82daf45\" data-element_type=\"container\">\n\t\t\t\t\t<div class=\"e-con-inner\">\n\t\t\t\t<div class=\"elementor-element elementor-element-a833d14 elementor-widget elementor-widget-tm_fancy_title\" data-id=\"a833d14\" data-element_type=\"widget\" data-widget_type=\"tm_fancy_title.default\">\n\t\t\t\t<div class=\"elementor-widget-container\">\n\t\t\t\t\t\n<div class=\"fancy-title-container\">\n    <h2 class=\"fancy-title font-semibold uppercase text-h2\">Cont\u00e1ctanos<\/h2>\n\n            <p class=\"fancy-desc text-light-text leading-7\">\n\n            Si quieres vivir la mejor experiencia, contrata nuestro servicio de renta de autos\n                            <a href=\"\/es\/contact-us\/\" target=\"_blank\" rel=\"nofollow\" class=\"inline-block underline-offset-8 font-medium\">\n                    Cont\u00e1ctanos                <\/a>\n            \n        <\/p>\n    \n<\/div>\t\t\t\t<\/div>\n\t\t\t\t<\/div>\n\t\t\t\t\t<\/div>\n\t\t\t\t<\/div>\n\t\t\t\t<\/div>\n\t\t\n    <div class=\"xs_social_share_widget xs_share_url after_content \t\tmain_content  wslu-style-1 wslu-share-box-shaped wslu-fill-colored wslu-none wslu-share-horizontal wslu-theme-font-no wslu-main_content\">\n\n\t\t\n        <ul>\n\t\t\t        <\/ul>\n    <\/div>","protected":false},"excerpt":{"rendered":"","protected":false},"author":1,"featured_media":0,"parent":0,"menu_order":0,"comment_status":"closed","ping_status":"closed","template":"elementor_header_footer","meta":{"footnotes":""},"class_list":["post-1843","page","type-page","status-publish","hentry"],"_links":{"self":[{"href":"https:\/\/rentacareconomic.com\/es\/wp-json\/wp\/v2\/pages\/1843","targetHints":{"allow":["GET"]}}],"collection":[{"href":"https:\/\/rentacareconomic.com\/es\/wp-json\/wp\/v2\/pages"}],"about":[{"href":"https:\/\/rentacareconomic.com\/es\/wp-json\/wp\/v2\/types\/page"}],"author":[{"embeddable":true,"href":"https:\/\/rentacareconomic.com\/es\/wp-json\/wp\/v2\/users\/1"}],"replies":[{"embeddable":true,"href":"https:\/\/rentacareconomic.com\/es\/wp-json\/wp\/v2\/comments?post=1843"}],"version-history":[{"count":19,"href":"https:\/\/rentacareconomic.com\/es\/wp-json\/wp\/v2\/pages\/1843\/revisions"}],"predecessor-version":[{"id":12742,"href":"https:\/\/rentacareconomic.com\/es\/wp-json\/wp\/v2\/pages\/1843\/revisions\/12742"}],"wp:attachment":[{"href":"https:\/\/rentacareconomic.com\/es\/wp-json\/wp\/v2\/media?parent=1843"}],"curies":[{"name":"wp","href":"https:\/\/api.w.org\/{rel}","templated":true}]}}