{"id":7065,"date":"2023-06-19T08:19:10","date_gmt":"2023-06-19T08:19:10","guid":{"rendered":"https:\/\/turbo.redq.io\/?post_type=product&#038;p=7065"},"modified":"2025-11-07T08:10:54","modified_gmt":"2025-11-07T08:10:54","slug":"nissansentra","status":"publish","type":"product","link":"https:\/\/rentacareconomic.com\/es\/producto\/nissansentra\/","title":{"rendered":"Nissan Sentra | 2019 al 2022"},"content":{"rendered":"<p>El precio incluye:<\/p>\n<ul>\n<li>Seguro contra siniestro<\/li>\n<li>Libre de kilometraje<\/li>\n<li>Entrega en aeropuerto<\/li>\n<\/ul>\n\n    <div class=\"xs_social_share_widget xs_share_url after_content \t\tmain_content  wslu-style-1 wslu-share-box-shaped wslu-fill-colored wslu-none wslu-share-horizontal wslu-theme-font-no wslu-main_content\">\n\n\t\t\n        <ul>\n\t\t\t        <\/ul>\n    <\/div>","protected":false},"excerpt":{"rendered":"<p data-sourcepos=\"1:1-1:313\">Nissan Sentra 2019 es un sed\u00e1n compacto que se caracteriza por ofrecer una conducci\u00f3n c\u00f3moda, un interior espacioso y un buen rendimiento de combustible. Se posiciona como una opci\u00f3n pr\u00e1ctica y confiable para el uso diario, con un dise\u00f1o exterior moderno y opciones de equipamiento que var\u00edan seg\u00fan la versi\u00f3n.<\/p>\n<p data-sourcepos=\"3:1-3:47\">","protected":false},"featured_media":12691,"comment_status":"open","ping_status":"closed","template":"","meta":[],"product_cat":[15],"product_tag":[],"class_list":{"0":"post-7065","1":"product","2":"type-product","3":"status-publish","4":"has-post-thumbnail","6":"product_cat-uncategorized","8":"first","9":"instock","10":"shipping-taxable","11":"purchasable","12":"product-type-redq_rental"},"_links":{"self":[{"href":"https:\/\/rentacareconomic.com\/es\/wp-json\/wp\/v2\/product\/7065","targetHints":{"allow":["GET"]}}],"collection":[{"href":"https:\/\/rentacareconomic.com\/es\/wp-json\/wp\/v2\/product"}],"about":[{"href":"https:\/\/rentacareconomic.com\/es\/wp-json\/wp\/v2\/types\/product"}],"replies":[{"embeddable":true,"href":"https:\/\/rentacareconomic.com\/es\/wp-json\/wp\/v2\/comments?post=7065"}],"wp:featuredmedia":[{"embeddable":true,"href":"https:\/\/rentacareconomic.com\/es\/wp-json\/wp\/v2\/media\/12691"}],"wp:attachment":[{"href":"https:\/\/rentacareconomic.com\/es\/wp-json\/wp\/v2\/media?parent=7065"}],"wp:term":[{"taxonomy":"product_cat","embeddable":true,"href":"https:\/\/rentacareconomic.com\/es\/wp-json\/wp\/v2\/product_cat?post=7065"},{"taxonomy":"product_tag","embeddable":true,"href":"https:\/\/rentacareconomic.com\/es\/wp-json\/wp\/v2\/product_tag?post=7065"}],"curies":[{"name":"wp","href":"https:\/\/api.w.org\/{rel}","templated":true}]}}