{"id":7070,"date":"2023-06-19T08:27:41","date_gmt":"2023-06-19T08:27:41","guid":{"rendered":"https:\/\/turbo.redq.io\/?post_type=product&#038;p=7070"},"modified":"2025-10-07T14:44:23","modified_gmt":"2025-10-07T14:44:23","slug":"kiaforte","status":"publish","type":"product","link":"https:\/\/rentacareconomic.com\/es\/producto\/kiaforte\/","title":{"rendered":"Kia Forte | 2019 al 2022"},"content":{"rendered":"<p>El precio incluye:<\/p>\n<ul>\n<li>Seguro contra siniestro<\/li>\n<li>Libre de kilometraje<\/li>\n<li>Entrega en aeropuerto<\/li>\n<\/ul>\n\n    <div class=\"xs_social_share_widget xs_share_url after_content \t\tmain_content  wslu-style-1 wslu-share-box-shaped wslu-fill-colored wslu-none wslu-share-horizontal wslu-theme-font-no wslu-main_content\">\n\n\t\t\n        <ul>\n\t\t\t        <\/ul>\n    <\/div>","protected":false},"excerpt":{"rendered":"<p>Kia Forte 2019 es un sed\u00e1n compacto que destaca por su dise\u00f1o atractivo, su buena relaci\u00f3n calidad-precio y su enfoque en la comodidad y la tecnolog\u00eda. Ofrece una conducci\u00f3n agradable y un interior bien equipado, convirti\u00e9ndose en una opci\u00f3n popular para conductores que buscan un veh\u00edculo pr\u00e1ctico y con estilo.<\/p>","protected":false},"featured_media":12689,"comment_status":"open","ping_status":"closed","template":"","meta":[],"product_cat":[15],"product_tag":[],"class_list":{"0":"post-7070","1":"product","2":"type-product","3":"status-publish","4":"has-post-thumbnail","6":"product_cat-uncategorized","8":"first","9":"instock","10":"shipping-taxable","11":"purchasable","12":"product-type-redq_rental"},"_links":{"self":[{"href":"https:\/\/rentacareconomic.com\/es\/wp-json\/wp\/v2\/product\/7070","targetHints":{"allow":["GET"]}}],"collection":[{"href":"https:\/\/rentacareconomic.com\/es\/wp-json\/wp\/v2\/product"}],"about":[{"href":"https:\/\/rentacareconomic.com\/es\/wp-json\/wp\/v2\/types\/product"}],"replies":[{"embeddable":true,"href":"https:\/\/rentacareconomic.com\/es\/wp-json\/wp\/v2\/comments?post=7070"}],"wp:featuredmedia":[{"embeddable":true,"href":"https:\/\/rentacareconomic.com\/es\/wp-json\/wp\/v2\/media\/12689"}],"wp:attachment":[{"href":"https:\/\/rentacareconomic.com\/es\/wp-json\/wp\/v2\/media?parent=7070"}],"wp:term":[{"taxonomy":"product_cat","embeddable":true,"href":"https:\/\/rentacareconomic.com\/es\/wp-json\/wp\/v2\/product_cat?post=7070"},{"taxonomy":"product_tag","embeddable":true,"href":"https:\/\/rentacareconomic.com\/es\/wp-json\/wp\/v2\/product_tag?post=7070"}],"curies":[{"name":"wp","href":"https:\/\/api.w.org\/{rel}","templated":true}]}}