{"id":7075,"date":"2023-06-19T08:37:23","date_gmt":"2023-06-19T08:37:23","guid":{"rendered":"https:\/\/turbo.redq.io\/?post_type=product&#038;p=7075"},"modified":"2025-11-07T08:10:32","modified_gmt":"2025-11-07T08:10:32","slug":"nissanrogue","status":"publish","type":"product","link":"https:\/\/rentacareconomic.com\/es\/producto\/nissanrogue\/","title":{"rendered":"Nissan Rogue 2019"},"content":{"rendered":"<p>El precio incluye:<\/p>\n<ul>\n<li>Seguro contra siniestro<\/li>\n<li>Libre de kilometraje<\/li>\n<li>Entrega en aeropuerto<\/li>\n<\/ul>\n\n    <div class=\"xs_social_share_widget xs_share_url after_content \t\tmain_content  wslu-style-1 wslu-share-box-shaped wslu-fill-colored wslu-none wslu-share-horizontal wslu-theme-font-no wslu-main_content\">\n\n\t\t\n        <ul>\n\t\t\t        <\/ul>\n    <\/div>","protected":false},"excerpt":{"rendered":"<p>Nissan Rogue 2019 es una SUV compacta que ofrece un equilibrio entre comodidad, eficiencia y tecnolog\u00eda, ideal para familias peque\u00f1as y conductores urbanos. Se caracteriza por su interior espacioso, su conducci\u00f3n suave y una buena econom\u00eda de combustible.<\/p>","protected":false},"featured_media":12686,"comment_status":"open","ping_status":"closed","template":"","meta":[],"product_cat":[15],"product_tag":[],"class_list":{"0":"post-7075","1":"product","2":"type-product","3":"status-publish","4":"has-post-thumbnail","6":"product_cat-uncategorized","8":"first","9":"instock","10":"shipping-taxable","11":"purchasable","12":"product-type-redq_rental"},"_links":{"self":[{"href":"https:\/\/rentacareconomic.com\/es\/wp-json\/wp\/v2\/product\/7075","targetHints":{"allow":["GET"]}}],"collection":[{"href":"https:\/\/rentacareconomic.com\/es\/wp-json\/wp\/v2\/product"}],"about":[{"href":"https:\/\/rentacareconomic.com\/es\/wp-json\/wp\/v2\/types\/product"}],"replies":[{"embeddable":true,"href":"https:\/\/rentacareconomic.com\/es\/wp-json\/wp\/v2\/comments?post=7075"}],"wp:featuredmedia":[{"embeddable":true,"href":"https:\/\/rentacareconomic.com\/es\/wp-json\/wp\/v2\/media\/12686"}],"wp:attachment":[{"href":"https:\/\/rentacareconomic.com\/es\/wp-json\/wp\/v2\/media?parent=7075"}],"wp:term":[{"taxonomy":"product_cat","embeddable":true,"href":"https:\/\/rentacareconomic.com\/es\/wp-json\/wp\/v2\/product_cat?post=7075"},{"taxonomy":"product_tag","embeddable":true,"href":"https:\/\/rentacareconomic.com\/es\/wp-json\/wp\/v2\/product_tag?post=7075"}],"curies":[{"name":"wp","href":"https:\/\/api.w.org\/{rel}","templated":true}]}}