{"id":7213,"date":"2023-06-22T09:39:18","date_gmt":"2023-06-22T09:39:18","guid":{"rendered":"https:\/\/turbo.redq.io\/?post_type=product&#038;p=7213"},"modified":"2025-11-07T08:07:27","modified_gmt":"2025-11-07T08:07:27","slug":"nissanfrontiernp3002020","status":"publish","type":"product","link":"https:\/\/rentacareconomic.com\/es\/producto\/nissanfrontiernp3002020\/","title":{"rendered":"Nissan Frontier NP300 | 2020 al 2021"},"content":{"rendered":"<p>El precio incluye:<\/p>\n<ul>\n<li>Seguro contra siniestro<\/li>\n<li>Libre de kilometraje<\/li>\n<li>Entrega en aeropuerto<\/li>\n<\/ul>\n\n    <div class=\"xs_social_share_widget xs_share_url after_content \t\tmain_content  wslu-style-1 wslu-share-box-shaped wslu-fill-colored wslu-none wslu-share-horizontal wslu-theme-font-no wslu-main_content\">\n\n\t\t\n        <ul>\n\t\t\t        <\/ul>\n    <\/div>","protected":false},"excerpt":{"rendered":"<p>Nissan NP300 Frontier es una pickup robusta y vers\u00e1til, dise\u00f1ada para el trabajo duro y tambi\u00e9n adaptable para el uso diario. Se caracteriza por su durabilidad, capacidad de carga y opciones de configuraci\u00f3n que se ajustan a diversas necesidades. Este modelo es autom\u00e1tico.<\/p>","protected":false},"featured_media":12673,"comment_status":"open","ping_status":"closed","template":"","meta":[],"product_cat":[15],"product_tag":[],"class_list":{"0":"post-7213","1":"product","2":"type-product","3":"status-publish","4":"has-post-thumbnail","6":"product_cat-uncategorized","8":"first","9":"instock","10":"shipping-taxable","11":"purchasable","12":"product-type-redq_rental"},"_links":{"self":[{"href":"https:\/\/rentacareconomic.com\/es\/wp-json\/wp\/v2\/product\/7213","targetHints":{"allow":["GET"]}}],"collection":[{"href":"https:\/\/rentacareconomic.com\/es\/wp-json\/wp\/v2\/product"}],"about":[{"href":"https:\/\/rentacareconomic.com\/es\/wp-json\/wp\/v2\/types\/product"}],"replies":[{"embeddable":true,"href":"https:\/\/rentacareconomic.com\/es\/wp-json\/wp\/v2\/comments?post=7213"}],"wp:featuredmedia":[{"embeddable":true,"href":"https:\/\/rentacareconomic.com\/es\/wp-json\/wp\/v2\/media\/12673"}],"wp:attachment":[{"href":"https:\/\/rentacareconomic.com\/es\/wp-json\/wp\/v2\/media?parent=7213"}],"wp:term":[{"taxonomy":"product_cat","embeddable":true,"href":"https:\/\/rentacareconomic.com\/es\/wp-json\/wp\/v2\/product_cat?post=7213"},{"taxonomy":"product_tag","embeddable":true,"href":"https:\/\/rentacareconomic.com\/es\/wp-json\/wp\/v2\/product_tag?post=7213"}],"curies":[{"name":"wp","href":"https:\/\/api.w.org\/{rel}","templated":true}]}}